{"id":49,"date":"2021-09-26T14:20:27","date_gmt":"2021-09-26T12:20:27","guid":{"rendered":"https:\/\/www.allegoriesenvitrail.fr\/?page_id=49"},"modified":"2021-09-29T08:57:32","modified_gmt":"2021-09-29T06:57:32","slug":"accueil","status":"publish","type":"page","link":"https:\/\/www.allegoriesenvitrail.fr\/","title":{"rendered":"Accueil"},"content":{"rendered":"\n<p><strong>Nicole Marti-Decroos<br>Ma\u00eetre Verrier<\/strong><\/p>\n\n\n\n<p><\/p>\n\n\n\n<p>Apr\u00e8s avoir appris les diff\u00e9rentes techniques de cr\u00e9ation et de restauration de vitraux, je me suis sp\u00e9cialis\u00e9e dans la cr\u00e9ation d\u2019\u0153uvres contemporaines, les All\u00e9gories.<br>Toutes mes \u0153uvres sont des cr\u00e9ations originales.<br>L\u2019assemblage des pi\u00e8ces d\u00e9coup\u00e9es associ\u00e9 \u00e0 l\u2019utilisation de verres de grande qualit\u00e9 provenant des plus belles fabriques du monde entier en font des pi\u00e8ces uniques.<br>Les supports, \u00e9galement des cr\u00e9ations personnelles, sont en m\u00e9tal ou en bronze, d\u2019abord r\u00e9alis\u00e9s en terre cuite, ils sont ensuite coul\u00e9s dans une fonderie d\u2019art.<\/p>\n\n\n\n<p>J\u2019ai eu la chance d\u2019exposer dans plusieurs endroits prestigieux. Vous pouvez les retrouver sur mon site.<\/p>\n\n\n\n<p>N\u2019h\u00e9sitez pas \u00e0 me contacter pour toute demande particuli\u00e8re ou pour visiter mon atelier.<br><\/p>\n\n\n\n<p><\/p>\n\n\n\n<p><\/p>\n","protected":false},"excerpt":{"rendered":"<p>Nicole Marti-DecroosMa\u00eetre Verrier Apr\u00e8s avoir appris les diff\u00e9rentes techniques de cr\u00e9ation et de restauration de vitraux, je me suis sp\u00e9cialis\u00e9e dans la cr\u00e9ation d\u2019\u0153uvres contemporaines, les All\u00e9gories.Toutes mes \u0153uvres sont des cr\u00e9ations originales.L\u2019assemblage des pi\u00e8ces d\u00e9coup\u00e9es associ\u00e9 \u00e0 l\u2019utilisation de verres de grande qualit\u00e9 provenant des plus belles fabriques du monde entier en font des &hellip; <\/p>\n<p class=\"link-more\"><a href=\"https:\/\/www.allegoriesenvitrail.fr\/\" class=\"more-link\">Continue reading<span class=\"screen-reader-text\"> &#8220;Accueil&#8221;<\/span><\/a><\/p>\n","protected":false},"author":1,"featured_media":70,"parent":0,"menu_order":0,"comment_status":"closed","ping_status":"closed","template":"","meta":[],"_links":{"self":[{"href":"https:\/\/www.allegoriesenvitrail.fr\/index.php\/wp-json\/wp\/v2\/pages\/49"}],"collection":[{"href":"https:\/\/www.allegoriesenvitrail.fr\/index.php\/wp-json\/wp\/v2\/pages"}],"about":[{"href":"https:\/\/www.allegoriesenvitrail.fr\/index.php\/wp-json\/wp\/v2\/types\/page"}],"author":[{"embeddable":true,"href":"https:\/\/www.allegoriesenvitrail.fr\/index.php\/wp-json\/wp\/v2\/users\/1"}],"replies":[{"embeddable":true,"href":"https:\/\/www.allegoriesenvitrail.fr\/index.php\/wp-json\/wp\/v2\/comments?post=49"}],"version-history":[{"count":7,"href":"https:\/\/www.allegoriesenvitrail.fr\/index.php\/wp-json\/wp\/v2\/pages\/49\/revisions"}],"predecessor-version":[{"id":163,"href":"https:\/\/www.allegoriesenvitrail.fr\/index.php\/wp-json\/wp\/v2\/pages\/49\/revisions\/163"}],"wp:featuredmedia":[{"embeddable":true,"href":"https:\/\/www.allegoriesenvitrail.fr\/index.php\/wp-json\/wp\/v2\/media\/70"}],"wp:attachment":[{"href":"https:\/\/www.allegoriesenvitrail.fr\/index.php\/wp-json\/wp\/v2\/media?parent=49"}],"curies":[{"name":"wp","href":"https:\/\/api.w.org\/{rel}","templated":true}]}}